{"id":493,"date":"2014-09-03T11:29:30","date_gmt":"2014-09-03T11:29:30","guid":{"rendered":"http:\/\/demos.artbees.net\/jupiter5\/agency\/?page_id=493"},"modified":"2023-06-09T14:01:55","modified_gmt":"2023-06-09T14:01:55","slug":"homepage","status":"publish","type":"page","link":"https:\/\/plasticosyflejes.mx\/","title":{"rendered":"Home"},"content":{"rendered":"<section class=\"wpb-content-wrapper\">[mk_page_section bg_image_portrait=\u00bbhttps:\/\/plasticosyflejes.mx\/wp-content\/uploads\/2023\/06\/bg_m_1.png\u00bb bg_color=\u00bb#0a0a0a\u00bb bg_video=\u00bbyes\u00bb mp4=\u00bbhttps:\/\/plasticosyflejes.mx\/wp-content\/uploads\/2023\/06\/tinoco_web_2023-1.mp4&#8243; video_color_mask=\u00bb#000000&#8243; video_opacity=\u00bb0.55&#8243; full_height=\u00bbtrue\u00bb padding_top=\u00bb0&#8243; padding_bottom=\u00bb0&#8243; visibility=\u00bbhidden-sm\u00bb sidebar=\u00bbsidebar-1&#8243; first_page=\u00bbfalse\u00bb last_page=\u00bbfalse\u00bb][vc_column][mk_divider style=\u00bbthin_solid\u00bb divider_width=\u00bbcustom_width\u00bb custom_width=\u00bb25&#8243; thickness=\u00bb4&#8243; margin_top=\u00bb40&#8243; margin_bottom=\u00bb40&#8243;][mk_fancy_title tag_name=\u00bbh3&#8243; color=\u00bb#ffffff\u00bb size=\u00bb64&#8243; force_font_size=\u00bbtrue\u00bb font_weight=\u00bb900&#8243; font_style=\u00bbnormal\u00bb txt_transform=\u00bbuppercase\u00bb letter_spacing=\u00bb1&#8243; margin_bottom=\u00bb0&#8243; font_family=\u00bbnone\u00bb align=\u00bbcenter\u00bb]L\u00edderes en la<br \/>\nfabricaci\u00f3n de pl\u00e1sticos[\/mk_fancy_title][mk_divider style=\u00bbthin_solid\u00bb divider_width=\u00bbcustom_width\u00bb custom_width=\u00bb25&#8243; thickness=\u00bb4&#8243; margin_top=\u00bb40&#8243; margin_bottom=\u00bb40&#8243;][\/vc_column][\/mk_page_section][mk_page_section bg_image_portrait=\u00bbhttps:\/\/plasticosyflejes.mx\/wp-content\/uploads\/2023\/06\/bg_m_1.png\u00bb bg_color=\u00bb#0a0a0a\u00bb video_color_mask=\u00bb#000000&#8243; video_opacity=\u00bb0.55&#8243; full_height=\u00bbtrue\u00bb padding_top=\u00bb0&#8243; padding_bottom=\u00bb0&#8243; visibility=\u00bbvisible-sm\u00bb sidebar=\u00bbsidebar-1&#8243; first_page=\u00bbfalse\u00bb last_page=\u00bbfalse\u00bb][vc_column][mk_divider style=\u00bbthin_solid\u00bb divider_width=\u00bbcustom_width\u00bb custom_width=\u00bb25&#8243; thickness=\u00bb4&#8243; margin_top=\u00bb40&#8243; margin_bottom=\u00bb40&#8243;][mk_fancy_title tag_name=\u00bbh3&#8243; color=\u00bb#ffffff\u00bb size=\u00bb64&#8243; force_font_size=\u00bbtrue\u00bb font_weight=\u00bb900&#8243; font_style=\u00bbnormal\u00bb txt_transform=\u00bbuppercase\u00bb letter_spacing=\u00bb1&#8243; margin_bottom=\u00bb0&#8243; font_family=\u00bbnone\u00bb align=\u00bbcenter\u00bb]L\u00edderes en la<br \/>\nfabricaci\u00f3n de pl\u00e1sticos[\/mk_fancy_title][mk_divider style=\u00bbthin_solid\u00bb divider_width=\u00bbcustom_width\u00bb custom_width=\u00bb25&#8243; thickness=\u00bb4&#8243; margin_top=\u00bb40&#8243; margin_bottom=\u00bb40&#8243;][\/vc_column][\/mk_page_section][vc_row][vc_column css=\u00bb.vc_custom_1410359650251{padding-top: 140px !important;padding-bottom: 140px !important;}\u00bb][mk_fancy_title tag_name=\u00bbh3&#8243; color=\u00bb#222222&#8243; size=\u00bb28&#8243; font_weight=\u00bb900&#8243; txt_transform=\u00bbuppercase\u00bb margin_bottom=\u00bb0&#8243; font_family=\u00bbnone\u00bb align=\u00bbcenter\u00bb]\u00bfQu\u00e9 hacemos por nuestros clientes?[\/mk_fancy_title][mk_divider style=\u00bbthin_solid\u00bb divider_width=\u00bbcustom_width\u00bb custom_width=\u00bb25&#8243; thickness=\u00bb4&#8243; margin_top=\u00bb30&#8243; margin_bottom=\u00bb90&#8243;][vc_row_inner][vc_column_inner width=\u00bb1\/2&#8243;][vc_column_text css=\u00bb.vc_custom_1686202090043{margin-bottom: 0px !important;}\u00bb]\n<p style=\"font-weight: 400;\">Somos los mejores fabricantes de la extrusi\u00f3n de pl\u00e1stico en la regi\u00f3n centro-occidente, caracteriz\u00e1ndonos por ofertar productos que cumplan con los est\u00e1ndares de calidad en el mercado y comprometida con el cuidado del medio ambiente.<\/p>\n[\/vc_column_text][\/vc_column_inner][vc_column_inner width=\u00bb1\/2&#8243;][vc_column_text css=\u00bb.vc_custom_1686203262175{margin-bottom: 0px !important;}\u00bb]\n<p style=\"font-weight: 400;\">Ofreciendole a nuestros clientes productos de la m\u00e1s alta calidad que cubran sus necesidades, ayud\u00e1ndolos a alcanzar sus metas de negocio, innovando en nuestros procesos y tecnolog\u00edas.<\/p>\n[\/vc_column_text][\/vc_column_inner][\/vc_row_inner][\/vc_column][\/vc_row][mk_page_section vertical_align=\u00bbtop\u00bb bg_image=\u00bbhttps:\/\/plasticosyflejes.mx\/wp-content\/uploads\/2023\/06\/img_1606-scaled.jpg\u00bb bg_image_portrait=\u00bbhttps:\/\/plasticosyflejes.mx\/wp-content\/uploads\/2023\/06\/bg_m_2.png\u00bb bg_position=\u00bbcenter bottom\u00bb bg_stretch=\u00bbtrue\u00bb enable_3d=\u00bbtrue\u00bb bg_video=\u00bbyes\u00bb mp4=\u00bbhttps:\/\/plasticosyflejes.mx\/wp-content\/uploads\/2023\/06\/fondo_ch.mp4&#8243; video_color_mask=\u00bb#4f4f4f\u00bb min_height=\u00bb500&#8243; full_width=\u00bbtrue\u00bb visibility=\u00bbhidden-sm\u00bb sidebar=\u00bbsidebar-1&#8243;][vc_column][\/vc_column][\/mk_page_section][mk_page_section vertical_align=\u00bbtop\u00bb bg_image_portrait=\u00bbhttps:\/\/plasticosyflejes.mx\/wp-content\/uploads\/2023\/06\/bg_m_2.png\u00bb bg_position=\u00bbcenter bottom\u00bb bg_stretch=\u00bbtrue\u00bb enable_3d=\u00bbtrue\u00bb video_color_mask=\u00bb#4f4f4f\u00bb min_height=\u00bb500&#8243; full_width=\u00bbtrue\u00bb visibility=\u00bbvisible-sm\u00bb sidebar=\u00bbsidebar-1&#8243;][vc_column][\/vc_column][\/mk_page_section][vc_row fullwidth=\u00bbtrue\u00bb attached=\u00bbtrue\u00bb padding=\u00bb0&#8243; css=\u00bb.vc_custom_1686290722157{padding-top: 0px !important;padding-right: 0px !important;padding-bottom: 0px !important;padding-left: 0px !important;}\u00bb id=\u00bbProductos\u00bb][vc_column css=\u00bb.vc_custom_1410359761526{padding-top: 140px !important;padding-bottom: 140px !important;background-color: #f5f5f5 !important;}\u00bb][mk_fancy_title tag_name=\u00bbh4&#8243; color=\u00bb#222222&#8243; size=\u00bb28&#8243; force_font_size=\u00bbtrue\u00bb font_weight=\u00bb900&#8243; margin_bottom=\u00bb0&#8243; font_family=\u00bbnone\u00bb align=\u00bbcenter\u00bb]\n<p style=\"font-weight: 400;\">Contamos con 5 l\u00edneas de producci\u00f3n:<\/p>\n[\/mk_fancy_title][mk_divider style=\u00bbthin_solid\u00bb divider_width=\u00bbcustom_width\u00bb custom_width=\u00bb25&#8243; thickness=\u00bb4&#8243; margin_top=\u00bb30&#8243; margin_bottom=\u00bb35&#8243;][vc_row_inner][vc_column_inner width=\u00bb1\/6&#8243;][\/vc_column_inner][vc_column_inner width=\u00bb2\/3&#8243;][vc_column_text align=\u00bbcenter\u00bb css=\u00bb.vc_custom_1686256605193{margin-bottom: 0px !important;}\u00bb]\n<div style=\"text-align: center;\">\n<p class=\"Default\">Actualmente, se produce para venta <b>bolsa de pl\u00e1stico <\/b>(80%), <b>manguera para riego <\/b>(15%), <b>bobina de pl\u00e1stico <\/b>(4%), <b>cuerdilla <\/b>(1%) y <b>acolchado para uso agr\u00edcola <\/b>(ND). Para el consumo interno de la empresa est\u00e1 la <b>l\u00ednea del reciclaje<\/b>.<\/p>\n<\/div>\n[\/vc_column_text][\/vc_column_inner][vc_column_inner width=\u00bb1\/6&#8243;][\/vc_column_inner][\/vc_row_inner][\/vc_column][\/vc_row][vc_row fullwidth=\u00bbtrue\u00bb][vc_column][mk_blog style=\u00bbspotlight\u00bb grid_image_height=\u00bb450&#8243; post_count=\u00bb5&#8243; pagination=\u00bbfalse\u00bb cat=\u00bb50&#8243;][\/vc_column][\/vc_row][mk_page_section bg_image_portrait=\u00bbhttps:\/\/plasticosyflejes.mx\/wp-content\/uploads\/2023\/06\/bg_m_3.png\u00bb attachment=\u00bbfixed\u00bb bg_position=\u00bbcenter bottom\u00bb bg_repeat=\u00bbno-repeat\u00bb bg_stretch=\u00bbtrue\u00bb enable_3d=\u00bbtrue\u00bb bg_video=\u00bbyes\u00bb mp4=\u00bbhttps:\/\/plasticosyflejes.mx\/wp-content\/uploads\/2023\/06\/fondo_2.mp4&#8243; video_color_mask=\u00bb#000000&#8243; adaptive_height=\u00bbtrue\u00bb full_width=\u00bbtrue\u00bb full_height=\u00bbtrue\u00bb padding_top=\u00bb0&#8243; padding_bottom=\u00bb0&#8243; visibility=\u00bbhidden-sm\u00bb sidebar=\u00bbsidebar-1&#8243; first_page=\u00bbfalse\u00bb last_page=\u00bbfalse\u00bb][vc_column width=\u00bb2\/12&#8243;][\/vc_column][vc_column width=\u00bb8\/12&#8243;][\/vc_column][vc_column width=\u00bb2\/12&#8243;][\/vc_column][\/mk_page_section][mk_page_section bg_image_portrait=\u00bbhttps:\/\/plasticosyflejes.mx\/wp-content\/uploads\/2023\/06\/bg_m_3.png\u00bb attachment=\u00bbfixed\u00bb bg_position=\u00bbcenter bottom\u00bb bg_repeat=\u00bbno-repeat\u00bb bg_stretch=\u00bbtrue\u00bb enable_3d=\u00bbtrue\u00bb video_color_mask=\u00bb#000000&#8243; adaptive_height=\u00bbtrue\u00bb full_width=\u00bbtrue\u00bb full_height=\u00bbtrue\u00bb padding_top=\u00bb0&#8243; padding_bottom=\u00bb0&#8243; visibility=\u00bbvisible-sm\u00bb sidebar=\u00bbsidebar-1&#8243; first_page=\u00bbfalse\u00bb last_page=\u00bbfalse\u00bb][vc_column width=\u00bb2\/12&#8243;][\/vc_column][vc_column width=\u00bb8\/12&#8243;][\/vc_column][vc_column width=\u00bb2\/12&#8243;][\/vc_column][\/mk_page_section][vc_row fullwidth=\u00bbtrue\u00bb attached=\u00bbtrue\u00bb id=\u00bbContacto\u00bb][vc_column width=\u00bb1\/6&#8243;][\/vc_column][vc_column width=\u00bb1\/3&#8243;][mk_divider style=\u00bbpadding_space\u00bb divider_width=\u00bbcustom_width\u00bb custom_width=\u00bb1&#8243; margin_top=\u00bb40&#8243; margin_bottom=\u00bb40&#8243;][mk_fancy_title tag_name=\u00bbh4&#8243; color=\u00bb#222222&#8243; size=\u00bb28&#8243; force_font_size=\u00bbtrue\u00bb font_weight=\u00bb900&#8243; margin_bottom=\u00bb0&#8243; font_family=\u00bbnone\u00bb align=\u00bbcenter\u00bb]\n<p style=\"font-weight: 400;\">Cont\u00e1ctanos<\/p>\n[\/mk_fancy_title][mk_divider style=\u00bbthin_solid\u00bb divider_width=\u00bbcustom_width\u00bb custom_width=\u00bb25&#8243; thickness=\u00bb4&#8243; margin_top=\u00bb40&#8243; margin_bottom=\u00bb40&#8243;][mk_contact_info phone=\u00bb+52 443 323 3404&#8243; fax=\u00bb+52 443 323 3293&#8243; address=\u00bbOriente Cuatro No. 895, Cd. Industrial, 58200 Morelia, Mich.\u00bb company=\u00bbIndustrializadora de Pl\u00e1sticos y Flejes, S.A. de C.V.\u00bb][\/vc_column][vc_column width=\u00bb1\/3&#8243;][mk_divider style=\u00bbpadding_space\u00bb divider_width=\u00bbcustom_width\u00bb custom_width=\u00bb1&#8243; margin_top=\u00bb40&#8243; margin_bottom=\u00bb40&#8243;][mk_contact_form style=\u00bbmodern\u00bb email=\u00bbm.tinoco@plasticosyflejes.mx\u00bb gdpr_consent_text=\u00bbComparto mis datos, para que Industrializadora de Pl\u00e1sticos y Flejes, S.A. de C.V. se ponga en contacto conmigo.\u00bb][\/vc_column][vc_column width=\u00bb1\/6&#8243;][\/vc_column][\/vc_row][vc_row][vc_column][vc_gmaps link=\u00bb#E-8_JTNDaWZyYW1lJTIwc3JjJTNEJTIyaHR0cHMlM0ElMkYlMkZ3d3cuZ29vZ2xlLmNvbSUyRm1hcHMlMkZlbWJlZCUzRnBiJTNEJTIxMW0xNCUyMTFtOCUyMTFtMyUyMTFkMTUwMjEuOTUwODQ3MDM4NTU0JTIxMmQtMTAxLjEzMjk2MyUyMTNkMTkuNzM0NDIzJTIxM20yJTIxMWkxMDI0JTIxMmk3NjglMjE0ZjEzLjElMjEzbTMlMjExbTIlMjExczB4ODQyZDExYjExYjM5OTg0NSUyNTNBMHhmZDFhYjc1NTU4ODhmY2ZlJTIxMnNJbmR1c3RyaWFsaXphZG9yYSUyNTIwRGUlMjUyMFBsYXN0aWNvcyUyNTIwWSUyNTIwRmxlamVzJTI1MkMlMjUyMFMuQS4lMjUyMERlJTI1MjBDLlYuJTIxNWUwJTIxM20yJTIxMXNlcyUyMTJzbXglMjE0djE2ODYyNzQ3MTczNDUlMjE1bTIlMjExc2VzJTIxMnNteCUyMiUyMHdpZHRoJTNEJTIyNjAwJTIyJTIwaGVpZ2h0JTNEJTIyNDUwJTIyJTIwc3R5bGUlM0QlMjJib3JkZXIlM0EwJTNCJTIyJTIwYWxsb3dmdWxsc2NyZWVuJTNEJTIyJTIyJTIwbG9hZGluZyUzRCUyMmxhenklMjIlMjByZWZlcnJlcnBvbGljeSUzRCUyMm5vLXJlZmVycmVyLXdoZW4tZG93bmdyYWRlJTIyJTNFJTNDJTJGaWZyYW1lJTNF\u00bb el_id=\u00bbMapa\u00bb][\/vc_column][\/vc_row]\n<\/section>","protected":false},"excerpt":{"rendered":"<p>[mk_page_section bg_image_portrait=\u00bbhttps:\/\/plasticosyflejes.mx\/wp-content\/uploads\/2023\/06\/bg_m_1.png\u00bb bg_color=\u00bb#0a0a0a\u00bb bg_video=\u00bbyes\u00bb mp4=\u00bbhttps:\/\/plasticosyflejes.mx\/wp-content\/uploads\/2023\/06\/tinoco_web_2023-1.mp4&#8243; video_color_mask=\u00bb#000000&#8243; video_opacity=\u00bb0.55&#8243; full_height=\u00bbtrue\u00bb padding_top=\u00bb0&#8243; padding_bottom=\u00bb0&#8243; visibility=\u00bbhidden-sm\u00bb sidebar=\u00bbsidebar-1&#8243; first_page=\u00bbfalse\u00bb last_page=\u00bbfalse\u00bb][vc_column][mk_divider style=\u00bbthin_solid\u00bb divider_width=\u00bbcustom_width\u00bb custom_width=\u00bb25&#8243; thickness=\u00bb4&#8243; margin_top=\u00bb40&#8243; margin_bottom=\u00bb40&#8243;][mk_fancy_title tag_name=\u00bbh3&#8243; color=\u00bb#ffffff\u00bb size=\u00bb64&#8243; force_font_size=\u00bbtrue\u00bb font_weight=\u00bb900&#8243; font_style=\u00bbnormal\u00bb txt_transform=\u00bbuppercase\u00bb letter_spacing=\u00bb1&#8243; margin_bottom=\u00bb0&#8243; font_family=\u00bbnone\u00bb align=\u00bbcenter\u00bb]L\u00edderes en la fabricaci\u00f3n de pl\u00e1sticos[\/mk_fancy_title][mk_divider style=\u00bbthin_solid\u00bb divider_width=\u00bbcustom_width\u00bb custom_width=\u00bb25&#8243; thickness=\u00bb4&#8243; margin_top=\u00bb40&#8243; margin_bottom=\u00bb40&#8243;][\/vc_column][\/mk_page_section][mk_page_section bg_image_portrait=\u00bbhttps:\/\/plasticosyflejes.mx\/wp-content\/uploads\/2023\/06\/bg_m_1.png\u00bb bg_color=\u00bb#0a0a0a\u00bb video_color_mask=\u00bb#000000&#8243; video_opacity=\u00bb0.55&#8243; full_height=\u00bbtrue\u00bb padding_top=\u00bb0&#8243; padding_bottom=\u00bb0&#8243; visibility=\u00bbvisible-sm\u00bb sidebar=\u00bbsidebar-1&#8243; first_page=\u00bbfalse\u00bb last_page=\u00bbfalse\u00bb][vc_column][mk_divider style=\u00bbthin_solid\u00bb divider_width=\u00bbcustom_width\u00bb [&hellip;]<\/p>\n","protected":false},"author":6,"featured_media":0,"parent":0,"menu_order":0,"comment_status":"open","ping_status":"open","template":"","meta":{"footnotes":""},"class_list":["post-493","page","type-page","status-publish","hentry"],"_links":{"self":[{"href":"https:\/\/plasticosyflejes.mx\/index.php?rest_route=\/wp\/v2\/pages\/493","targetHints":{"allow":["GET"]}}],"collection":[{"href":"https:\/\/plasticosyflejes.mx\/index.php?rest_route=\/wp\/v2\/pages"}],"about":[{"href":"https:\/\/plasticosyflejes.mx\/index.php?rest_route=\/wp\/v2\/types\/page"}],"author":[{"embeddable":true,"href":"https:\/\/plasticosyflejes.mx\/index.php?rest_route=\/wp\/v2\/users\/6"}],"replies":[{"embeddable":true,"href":"https:\/\/plasticosyflejes.mx\/index.php?rest_route=%2Fwp%2Fv2%2Fcomments&post=493"}],"version-history":[{"count":59,"href":"https:\/\/plasticosyflejes.mx\/index.php?rest_route=\/wp\/v2\/pages\/493\/revisions"}],"predecessor-version":[{"id":6071,"href":"https:\/\/plasticosyflejes.mx\/index.php?rest_route=\/wp\/v2\/pages\/493\/revisions\/6071"}],"wp:attachment":[{"href":"https:\/\/plasticosyflejes.mx\/index.php?rest_route=%2Fwp%2Fv2%2Fmedia&parent=493"}],"curies":[{"name":"wp","href":"https:\/\/api.w.org\/{rel}","templated":true}]}}